{"id":18,"date":"2019-07-15T08:04:08","date_gmt":"2019-07-15T08:04:08","guid":{"rendered":"http:\/\/d48449790.u211.surf-town.net\/?page_id=18"},"modified":"2026-02-18T20:08:57","modified_gmt":"2026-02-18T20:08:57","slug":"tjanster","status":"publish","type":"page","link":"https:\/\/merakarlek.se\/en\/tjanster\/","title":{"rendered":"SERVICES"},"content":{"rendered":"<p>[et_pb_section fb_built=&#8221;1&#8243; custom_padding_last_edited=&#8221;on|phone&#8221; admin_label=&#8221;Hero&#8221; _builder_version=&#8221;4.25.0&#8243; use_background_color_gradient=&#8221;on&#8221; background_color_gradient_stops=&#8221;rgba(0,0,0,0.13) 0%|rgba(0,0,0,0.16) 100%&#8221; background_color_gradient_overlays_image=&#8221;on&#8221; background_color_gradient_start=&#8221;rgba(0,0,0,0.13)&#8221; background_color_gradient_end=&#8221;rgba(0,0,0,0.16)&#8221; background_image=&#8221;http:\/\/merakarlek.se\/wp-content\/uploads\/2024\/05\/Mina-hander-mudra-scaled.jpg&#8221; custom_margin=&#8221;0px|0vw||&#8221; custom_padding=&#8221;9vw|0px|9vw|0px|true|false&#8221; custom_padding_tablet=&#8221;100px||100px|&#8221; custom_padding_phone=&#8221;|||&#8221; top_divider_height=&#8221;103px&#8221; animation_style=&#8221;slide&#8221; animation_direction=&#8221;left&#8221; animation_intensity_slide=&#8221;5%&#8221; border_radii=&#8221;|||0vw|&#8221; border_color_all=&#8221;#e02b20&#8243; border_style_all=&#8221;none&#8221; border_width_right=&#8221;0vw&#8221; border_color_right=&#8221;#c93f00&#8243; border_style_right=&#8221;none&#8221; box_shadow_style=&#8221;preset4&#8243; box_shadow_horizontal=&#8221;20px&#8221; box_shadow_vertical=&#8221;0px&#8221; box_shadow_color=&#8221;rgba(224,43,32,0.55)&#8221; global_colors_info=&#8221;{}&#8221; background__hover_enabled=&#8221;on&#8221;][et_pb_row _builder_version=&#8221;4.16&#8243; custom_padding=&#8221;0|0px|27px|0px&#8221; global_colors_info=&#8221;{}&#8221;][et_pb_column type=&#8221;4_4&#8243; _builder_version=&#8221;4.16&#8243; custom_padding=&#8221;|||&#8221; global_colors_info=&#8221;{}&#8221; custom_padding__hover=&#8221;|||&#8221;][et_pb_text admin_label=&#8221;Text&#8221; _builder_version=&#8221;4.16&#8243; text_font=&#8221;Montserrat|300|||||||&#8221; text_font_size=&#8221;22px&#8221; text_line_height=&#8221;1.8em&#8221; ul_font=&#8221;||||||||&#8221; header_font=&#8221;|500|||||||&#8221; header_font_size=&#8221;5vw&#8221; header_line_height=&#8221;1.2em&#8221; text_orientation=&#8221;center&#8221; background_layout=&#8221;dark&#8221; module_alignment=&#8221;center&#8221; text_line_height_tablet=&#8221;2em&#8221; text_line_height_phone=&#8221;2em&#8221; text_line_height_last_edited=&#8221;off|desktop&#8221; header_font_size_tablet=&#8221;40px&#8221; header_font_size_phone=&#8221;&#8221; header_font_size_last_edited=&#8221;on|tablet&#8221; header_line_height_tablet=&#8221;1.2em&#8221; header_line_height_phone=&#8221;1.1em&#8221; header_line_height_last_edited=&#8221;on|phone&#8221; header_text_shadow_style=&#8221;preset3&#8243; header_text_shadow_color=&#8221;rgba(0,0,0,0.06)&#8221; inline_fonts=&#8221;Georgia&#8221; global_colors_info=&#8221;{}&#8221;]<\/p>\n<h1><span style=\"font-family: Georgia;\">TJ\u00c4NSTER<\/span><\/h1>\n<p>[\/et_pb_text][\/et_pb_column][\/et_pb_row][\/et_pb_section][et_pb_section fb_built=&#8221;1&#8243; _builder_version=&#8221;4.16&#8243; global_colors_info=&#8221;{}&#8221;][et_pb_row column_structure=&#8221;1_2,1_2&#8243; _builder_version=&#8221;4.16&#8243; custom_padding=&#8221;58px|0px|26px|0px|false|false&#8221; global_colors_info=&#8221;{}&#8221;][et_pb_column type=&#8221;1_2&#8243; _builder_version=&#8221;4.16&#8243; custom_padding=&#8221;|||&#8221; global_colors_info=&#8221;{}&#8221; custom_padding__hover=&#8221;|||&#8221;][et_pb_image src=&#8221;http:\/\/merakarlek.se\/wp-content\/uploads\/2024\/05\/Coachingbild-fixad.jpg&#8221; title_text=&#8221;Coachingbild fixad&#8221; align_tablet=&#8221;center&#8221; align_phone=&#8221;center&#8221; align_last_edited=&#8221;on|desktop&#8221; _builder_version=&#8221;4.25.0&#8243; global_colors_info=&#8221;{}&#8221;][\/et_pb_image][\/et_pb_column][et_pb_column type=&#8221;1_2&#8243; _builder_version=&#8221;4.16&#8243; custom_padding=&#8221;|||&#8221; global_colors_info=&#8221;{}&#8221; custom_padding__hover=&#8221;|||&#8221;][et_pb_text _builder_version=&#8221;4.16&#8243; header_font=&#8221;||||||||&#8221; header_line_height=&#8221;1.2em&#8221; inline_fonts=&#8221;Georgia&#8221; global_colors_info=&#8221;{}&#8221;]<\/p>\n<h1><span style=\"font-family: Georgia; font-size: xx-large;\">Relationscoaching\u00a0<\/span><\/h1>\n<p><span style=\"font-size: medium;\">Vill du m\u00e5 b\u00e4ttre i dina relationer och k\u00e4nna en st\u00f6rre trygghet med dig sj\u00e4lv? <\/span><span style=\"font-size: medium;\">Min relationscoaching hj\u00e4lper att hitta din egen inre och yttre v\u00e4g &#8211; som st\u00e4rker b\u00e5de dig och dina relationer.<\/span><\/p>\n<p><span style=\"font-size: medium;\">Genom samtal, \u00f6vningar och praktiska verktyg f\u00e5r du st\u00f6d att:<\/span><\/p>\n<ul>\n<li><span style=\"font-size: medium;\">Skapa \u00f6kad sj\u00e4lvmedvetenhet och tydlighet i dina relationer<\/span><\/li>\n<li><span style=\"font-size: medium;\">Se situationer klarare och f\u00f6rst\u00e5r vad som blockerar dig <\/span><\/li>\n<li><span style=\"font-size: medium;\">Bygga mer trygghet, gl\u00e4dje och harmoni i livet<\/span><span style=\"font-size: medium;\"><\/span><span style=\"font-size: medium;\"><\/span><\/li>\n<\/ul>\n<p><span style=\"font-size: medium;\"><\/span><\/p>\n<p><span style=\"font-size: medium;\">Coachingpaketet best\u00e5r av en serie samtal d\u00e4r du f\u00e5r uppgifter mellan varje tillf\u00e4lle, s\u00e5 att f\u00f6r\u00e4ndringen verkligen tar fart och blir varaktig.\u00a0<\/span><span style=\"font-size: medium;\"><\/span><\/p>\n<p><span style=\"font-size: medium;\"><strong><\/strong><\/span><\/p>\n<p>[\/et_pb_text][et_pb_button button_url=&#8221;https:\/\/calendly.com\/merakarlek\/60min&#8221; button_text=&#8221;Boka tid!&#8221; button_alignment=&#8221;center&#8221; _builder_version=&#8221;4.25.0&#8243; custom_button=&#8221;on&#8221; button_text_size=&#8221;14px&#8221; button_text_color=&#8221;#ffffff&#8221; button_bg_color=&#8221;#c93f00&#8243; button_border_width=&#8221;16px&#8221; button_border_color=&#8221;#c93f00&#8243; button_border_radius=&#8221;61px&#8221; button_letter_spacing=&#8221;1px&#8221; button_font=&#8221;|600|||||||&#8221; button_icon=&#8221;&#x77;||divi||400&#8243; background_layout=&#8221;dark&#8221; custom_margin=&#8221;1px|||&#8221; custom_padding=&#8221;|||&#8221; global_module=&#8221;368&#8243; saved_tabs=&#8221;all&#8221; global_colors_info=&#8221;{}&#8221; button_text_size__hover_enabled=&#8221;off&#8221; button_one_text_size__hover_enabled=&#8221;off&#8221; button_two_text_size__hover_enabled=&#8221;off&#8221; button_text_color__hover_enabled=&#8221;off&#8221; button_one_text_color__hover_enabled=&#8221;off&#8221; button_two_text_color__hover_enabled=&#8221;off&#8221; button_border_width__hover_enabled=&#8221;off&#8221; button_one_border_width__hover_enabled=&#8221;off&#8221; button_two_border_width__hover_enabled=&#8221;off&#8221; button_border_color__hover_enabled=&#8221;off&#8221; button_one_border_color__hover_enabled=&#8221;off&#8221; button_two_border_color__hover_enabled=&#8221;off&#8221; button_border_radius__hover_enabled=&#8221;off&#8221; button_one_border_radius__hover_enabled=&#8221;off&#8221; button_two_border_radius__hover_enabled=&#8221;off&#8221; button_letter_spacing__hover_enabled=&#8221;off&#8221; button_one_letter_spacing__hover_enabled=&#8221;off&#8221; button_two_letter_spacing__hover_enabled=&#8221;off&#8221; button_bg_color__hover_enabled=&#8221;off&#8221; button_one_bg_color__hover_enabled=&#8221;off&#8221; button_two_bg_color__hover_enabled=&#8221;off&#8221;][\/et_pb_button][\/et_pb_column][\/et_pb_row][et_pb_row _builder_version=&#8221;4.27.5&#8243; _module_preset=&#8221;default&#8221; custom_margin=&#8221;|auto||217px||&#8221; global_colors_info=&#8221;{}&#8221;][et_pb_column type=&#8221;4_4&#8243; _builder_version=&#8221;4.27.5&#8243; _module_preset=&#8221;default&#8221; global_colors_info=&#8221;{}&#8221;][et_pb_text _builder_version=&#8221;4.27.5&#8243; _module_preset=&#8221;default&#8221; global_colors_info=&#8221;{}&#8221; custom_padding=&#8221;0px|||||&#8221;]<\/p>\n<h5><span style=\"font-size: x-large;\"><strong>Erbjudande \/ coachingpaket<\/strong><\/span><\/h5>\n<p><span style=\"font-size: x-large;\"><strong><\/strong><\/span><\/p>\n<h5><span style=\"font-size: large;\">Just nu erbjuder jag ett paket p\u00e5 5 tillf\u00e4llen \u00e0 60 minuter f\u00f6r 4 500 kr d\u00e5 vi m\u00f6ts on-line.\u00a0<\/span><\/h5>\n<p><span style=\"font-size: large;\"><\/span><\/p>\n<p><span style=\"font-size: large;\"><em>Tillsammans utforskar vi dina utmaningar och hittar l\u00f6sningar som fungerar f\u00f6r dig \u2013 s\u00e5 att du kan m\u00e5 b\u00e4ttre och skapa mer harmoniska relationer!<\/em><\/span><\/p>\n<p>[\/et_pb_text][\/et_pb_column][\/et_pb_row][\/et_pb_section][et_pb_section fb_built=&#8221;1&#8243; _builder_version=&#8221;4.16&#8243; global_colors_info=&#8221;{}&#8221;][et_pb_row _builder_version=&#8221;4.16&#8243; custom_padding=&#8221;0|0px|2px|0px&#8221; global_colors_info=&#8221;{}&#8221;][et_pb_column type=&#8221;4_4&#8243; _builder_version=&#8221;4.16&#8243; custom_padding=&#8221;|||&#8221; global_colors_info=&#8221;{}&#8221; custom_padding__hover=&#8221;|||&#8221;][et_pb_text admin_label=&#8221;Text&#8221; _builder_version=&#8221;4.16&#8243; text_font=&#8221;Arbutus Slab|300|on||||||&#8221; text_font_size=&#8221;20px&#8221; text_line_height=&#8221;1.8em&#8221; text_orientation=&#8221;center&#8221; max_width=&#8221;1167px&#8221; module_alignment=&#8221;center&#8221; custom_margin=&#8221;|125px||||&#8221; custom_padding=&#8221;|99px||||&#8221; global_colors_info=&#8221;{}&#8221;]<\/p>\n<p data-start=\"311\" data-end=\"806\" class=\"\"><em data-start=\"311\" data-end=\"806\">&#8221;Jag \u00e4r s\u00e5 tacksam f\u00f6r v\u00e5ra samtal och ditt coachande. Jag har en stark k\u00e4nsla av att resultaten kommer snart. Jag har redan sett m\u00e5nga konkreta saker h\u00e4nda, som kanske verkar sm\u00e5 men egentligen \u00e4r ganska stora milstolpar. Detta g\u00f6r att jag k\u00e4nner att flowet \u00e4r p\u00e5 g\u00e5ng. Samtalen har gett mig ett lugnare f\u00f6rh\u00e5llningss\u00e4tt och relation till mig sj\u00e4lv och mitt f\u00f6retagande och jag k\u00e4nner ingen r\u00e4dsla inf\u00f6r att snart l\u00e4mna mitt fasta jobb. Det ska bli ett sp\u00e4nnande steg i mitt nya liv! N\u00e4r det exakt sker \u00e5terst\u00e5r att se.<\/em><\/p>\n<p data-start=\"808\" data-end=\"1057\" class=\"\"><em data-start=\"808\" data-end=\"1057\">Det var oerh\u00f6rt befriande att sl\u00e4ppa vissa tunga b\u00f6rdor, s\u00e4rskilt under coachingsamtalet. Det k\u00e4nns fint och r\u00e4tt att ha f\u00e5tt kontakt med mitt hj\u00e4rta och lyssna p\u00e5 vad det har att s\u00e4ga till mig.<br data-start=\"1003\" data-end=\"1006\" \/>S\u00e5 tack Kristina f\u00f6r dessa givande samtal! \u2764\ufe0f\u2764\ufe0f\u2764\ufe0f&#8221;<\/em><\/p>\n<p class=\"p1\">\n<p>[\/et_pb_text][et_pb_blurb title=&#8221;Jessica Lidberg, brandman och entrepren\u00f6r&#8221; image=&#8221;http:\/\/merakarlek.se\/wp-content\/uploads\/2020\/05\/ico.png&#8221; image_icon_width=&#8221;100px&#8221; _builder_version=&#8221;4.25.0&#8243; header_font=&#8221;Montserrat||||||||&#8221; header_font_size=&#8221;19px&#8221; body_font=&#8221;Montserrat|300|||||||&#8221; body_text_align=&#8221;center&#8221; body_font_size=&#8221;16px&#8221; text_orientation=&#8221;center&#8221; custom_padding=&#8221;||60px|&#8221; border_radii_image=&#8221;on|100%|100%|100%|100%&#8221; image_max_width=&#8221;100px&#8221; global_colors_info=&#8221;{}&#8221;][\/et_pb_blurb][\/et_pb_column][\/et_pb_row][\/et_pb_section][et_pb_section fb_built=&#8221;1&#8243; _builder_version=&#8221;4.16&#8243; global_colors_info=&#8221;{}&#8221;][et_pb_row _builder_version=&#8221;4.16&#8243; custom_padding=&#8221;0|0px|2px|0px&#8221; global_colors_info=&#8221;{}&#8221;][et_pb_column type=&#8221;4_4&#8243; _builder_version=&#8221;4.16&#8243; custom_padding=&#8221;|||&#8221; global_colors_info=&#8221;{}&#8221; custom_padding__hover=&#8221;|||&#8221;][et_pb_text admin_label=&#8221;Text&#8221; _builder_version=&#8221;4.16&#8243; text_font=&#8221;Arbutus Slab|300|on||||||&#8221; text_font_size=&#8221;20px&#8221; text_line_height=&#8221;1.8em&#8221; text_orientation=&#8221;center&#8221; max_width=&#8221;800px&#8221; module_alignment=&#8221;center&#8221; global_colors_info=&#8221;{}&#8221;]<\/p>\n<p class=\"p1\"><span>&#8221;Jag har aldrig under alla mina \u00e5r i terapi v\u00e5gat gr\u00e5ta &#8211; hos Kristina Bellman gjorde jag det. Hon tog emot mig, s\u00e5 fint. Jag k\u00e4nde mig sedd och tr\u00f6stad i min sorg. Det var j\u00e4ttesk\u00f6nt.&#8221;<\/span><\/p>\n<p>[\/et_pb_text][et_pb_blurb title=&#8221;Maria S.&#8221; image=&#8221;http:\/\/merakarlek.se\/wp-content\/uploads\/2020\/05\/ico.png&#8221; image_icon_width=&#8221;100px&#8221; _builder_version=&#8221;4.25.0&#8243; header_font=&#8221;Montserrat||||||||&#8221; header_font_size=&#8221;19px&#8221; body_font=&#8221;Montserrat|300|||||||&#8221; body_text_align=&#8221;center&#8221; body_font_size=&#8221;16px&#8221; text_orientation=&#8221;center&#8221; custom_padding=&#8221;||60px|&#8221; border_radii_image=&#8221;on|100%|100%|100%|100%&#8221; image_max_width=&#8221;100px&#8221; global_colors_info=&#8221;{}&#8221;][\/et_pb_blurb][\/et_pb_column][\/et_pb_row][\/et_pb_section][et_pb_section fb_built=&#8221;1&#8243; admin_label=&#8221;Footer&#8221; _builder_version=&#8221;4.25.0&#8243; use_background_color_gradient=&#8221;on&#8221; background_color_gradient_stops=&#8221;rgba(201,63,0,0.82) 0%|rgba(201,63,0,0.68) 100%&#8221; background_color_gradient_overlays_image=&#8221;on&#8221; background_color_gradient_start=&#8221;rgba(201,63,0,0.82)&#8221; background_color_gradient_end=&#8221;rgba(201,63,0,0.68)&#8221; background_image=&#8221;http:\/\/merakarlek.se\/wp-content\/uploads\/2024\/05\/C2_07932-scaled.jpg&#8221; custom_padding=&#8221;85px||85px||true|false&#8221; top_divider_height=&#8221;660px&#8221; top_divider_flip=&#8221;horizontal&#8221; bottom_divider_style=&#8221;clouds2&#8243; bottom_divider_color=&#8221;rgba(255,255,255,0.08)&#8221; bottom_divider_height=&#8221;600px&#8221; bottom_divider_flip=&#8221;vertical&#8221; background_color_gradient_stops_tablet=&#8221;rgba(201,63,0,0.82) 0%|rgba(201,63,0,0.68) 100%&#8221; background_color_gradient_stops_phone=&#8221;rgba(201,63,0,0.82) 0%|rgba(201,63,0,0.68) 100%&#8221; global_module=&#8221;462&#8243; saved_tabs=&#8221;all&#8221; global_colors_info=&#8221;{}&#8221;][et_pb_row column_structure=&#8221;1_3,1_3,1_3&#8243; _builder_version=&#8221;4.16&#8243; custom_padding=&#8221;57px|0px|73px|0px|false|false&#8221; global_colors_info=&#8221;{}&#8221;][et_pb_column type=&#8221;1_3&#8243; _builder_version=&#8221;4.16&#8243; custom_padding=&#8221;|||&#8221; global_colors_info=&#8221;{}&#8221; custom_padding__hover=&#8221;|||&#8221;][\/et_pb_column][et_pb_column type=&#8221;1_3&#8243; _builder_version=&#8221;4.16&#8243; custom_padding=&#8221;|||&#8221; global_colors_info=&#8221;{}&#8221; custom_padding__hover=&#8221;|||&#8221;][et_pb_button button_url=&#8221;http:\/\/merakarlek.se\/kontakt&#8221; button_text=&#8221;KONTAKTA MIG&#8221; button_alignment=&#8221;center&#8221; _builder_version=&#8221;4.16&#8243; custom_button=&#8221;on&#8221; button_text_size=&#8221;25px&#8221; button_text_color=&#8221;#FFFFFF&#8221; button_font=&#8221;||||||||&#8221; global_colors_info=&#8221;{}&#8221;][\/et_pb_button][\/et_pb_column][et_pb_column type=&#8221;1_3&#8243; _builder_version=&#8221;4.16&#8243; custom_padding=&#8221;|||&#8221; global_colors_info=&#8221;{}&#8221; custom_padding__hover=&#8221;|||&#8221;][\/et_pb_column][\/et_pb_row][\/et_pb_section]<\/p>\n","protected":false},"excerpt":{"rendered":"<p>TJ\u00c4NSTERRelationscoaching\u00a0 Vill du m\u00e5 b\u00e4ttre i dina relationer och k\u00e4nna en st\u00f6rre trygghet med dig sj\u00e4lv? Min relationscoaching hj\u00e4lper att hitta din egen inre och yttre v\u00e4g &#8211; som st\u00e4rker b\u00e5de dig och dina relationer. Genom samtal, \u00f6vningar och praktiska verktyg f\u00e5r du st\u00f6d att: Skapa \u00f6kad sj\u00e4lvmedvetenhet och tydlighet i dina relationer Se situationer [&hellip;]<\/p>\n","protected":false},"author":1,"featured_media":0,"parent":0,"menu_order":0,"comment_status":"closed","ping_status":"closed","template":"","meta":{"_et_pb_use_builder":"on","_et_pb_old_content":"","_et_gb_content_width":"","footnotes":""},"class_list":["post-18","page","type-page","status-publish","hentry"],"yoast_head":"<!-- This site is optimized with the Yoast SEO plugin v27.5 - https:\/\/yoast.com\/product\/yoast-seo-wordpress\/ -->\n<title>TJ\u00c4NSTER - Mera K\u00e4rlek<\/title>\n<meta name=\"robots\" content=\"index, follow, max-snippet:-1, max-image-preview:large, max-video-preview:-1\" \/>\n<link rel=\"canonical\" href=\"https:\/\/merakarlek.se\/en\/tjanster\/\" \/>\n<meta property=\"og:locale\" content=\"en_GB\" \/>\n<meta property=\"og:type\" content=\"article\" \/>\n<meta property=\"og:title\" content=\"TJ\u00c4NSTER - Mera K\u00e4rlek\" \/>\n<meta property=\"og:description\" content=\"TJ\u00c4NSTERRelationscoaching\u00a0 Vill du m\u00e5 b\u00e4ttre i dina relationer och k\u00e4nna en st\u00f6rre trygghet med dig sj\u00e4lv? Min relationscoaching hj\u00e4lper att hitta din egen inre och yttre v\u00e4g - som st\u00e4rker b\u00e5de dig och dina relationer. Genom samtal, \u00f6vningar och praktiska verktyg f\u00e5r du st\u00f6d att: Skapa \u00f6kad sj\u00e4lvmedvetenhet och tydlighet i dina relationer Se situationer [&hellip;]\" \/>\n<meta property=\"og:url\" content=\"https:\/\/merakarlek.se\/en\/tjanster\/\" \/>\n<meta property=\"og:site_name\" content=\"Mera K\u00e4rlek\" \/>\n<meta property=\"article:modified_time\" content=\"2026-02-18T20:08:57+00:00\" \/>\n<meta name=\"twitter:card\" content=\"summary_large_image\" \/>\n<meta name=\"twitter:label1\" content=\"Estimated reading time\" \/>\n\t<meta name=\"twitter:data1\" content=\"8 minutes\" \/>\n<script type=\"application\/ld+json\" class=\"yoast-schema-graph\">{\"@context\":\"https:\\\/\\\/schema.org\",\"@graph\":[{\"@type\":\"WebPage\",\"@id\":\"https:\\\/\\\/merakarlek.se\\\/en\\\/tjanster\\\/\",\"url\":\"https:\\\/\\\/merakarlek.se\\\/en\\\/tjanster\\\/\",\"name\":\"TJ\u00c4NSTER - Mera K\u00e4rlek\",\"isPartOf\":{\"@id\":\"http:\\\/\\\/merakarlek.se\\\/en\\\/#website\"},\"datePublished\":\"2019-07-15T08:04:08+00:00\",\"dateModified\":\"2026-02-18T20:08:57+00:00\",\"breadcrumb\":{\"@id\":\"https:\\\/\\\/merakarlek.se\\\/en\\\/tjanster\\\/#breadcrumb\"},\"inLanguage\":\"en-GB\",\"potentialAction\":[{\"@type\":\"ReadAction\",\"target\":[\"https:\\\/\\\/merakarlek.se\\\/en\\\/tjanster\\\/\"]}]},{\"@type\":\"BreadcrumbList\",\"@id\":\"https:\\\/\\\/merakarlek.se\\\/en\\\/tjanster\\\/#breadcrumb\",\"itemListElement\":[{\"@type\":\"ListItem\",\"position\":1,\"name\":\"Hem\",\"item\":\"http:\\\/\\\/merakarlek.se\\\/en\\\/\"},{\"@type\":\"ListItem\",\"position\":2,\"name\":\"TJ\u00c4NSTER\"}]},{\"@type\":\"WebSite\",\"@id\":\"http:\\\/\\\/merakarlek.se\\\/en\\\/#website\",\"url\":\"http:\\\/\\\/merakarlek.se\\\/en\\\/\",\"name\":\"Mera K\u00e4rlek AB\",\"description\":\"Vi hj\u00e4lper m\u00e4nniskor att v\u00e4xa\",\"potentialAction\":[{\"@type\":\"SearchAction\",\"target\":{\"@type\":\"EntryPoint\",\"urlTemplate\":\"http:\\\/\\\/merakarlek.se\\\/en\\\/?s={search_term_string}\"},\"query-input\":{\"@type\":\"PropertyValueSpecification\",\"valueRequired\":true,\"valueName\":\"search_term_string\"}}],\"inLanguage\":\"en-GB\"}]}<\/script>\n<!-- \/ Yoast SEO plugin. -->","yoast_head_json":{"title":"TJ\u00c4NSTER - Mera K\u00e4rlek","robots":{"index":"index","follow":"follow","max-snippet":"max-snippet:-1","max-image-preview":"max-image-preview:large","max-video-preview":"max-video-preview:-1"},"canonical":"https:\/\/merakarlek.se\/en\/tjanster\/","og_locale":"en_GB","og_type":"article","og_title":"TJ\u00c4NSTER - Mera K\u00e4rlek","og_description":"TJ\u00c4NSTERRelationscoaching\u00a0 Vill du m\u00e5 b\u00e4ttre i dina relationer och k\u00e4nna en st\u00f6rre trygghet med dig sj\u00e4lv? Min relationscoaching hj\u00e4lper att hitta din egen inre och yttre v\u00e4g - som st\u00e4rker b\u00e5de dig och dina relationer. Genom samtal, \u00f6vningar och praktiska verktyg f\u00e5r du st\u00f6d att: Skapa \u00f6kad sj\u00e4lvmedvetenhet och tydlighet i dina relationer Se situationer [&hellip;]","og_url":"https:\/\/merakarlek.se\/en\/tjanster\/","og_site_name":"Mera K\u00e4rlek","article_modified_time":"2026-02-18T20:08:57+00:00","twitter_card":"summary_large_image","twitter_misc":{"Estimated reading time":"8 minutes"},"schema":{"@context":"https:\/\/schema.org","@graph":[{"@type":"WebPage","@id":"https:\/\/merakarlek.se\/en\/tjanster\/","url":"https:\/\/merakarlek.se\/en\/tjanster\/","name":"TJ\u00c4NSTER - Mera K\u00e4rlek","isPartOf":{"@id":"http:\/\/merakarlek.se\/en\/#website"},"datePublished":"2019-07-15T08:04:08+00:00","dateModified":"2026-02-18T20:08:57+00:00","breadcrumb":{"@id":"https:\/\/merakarlek.se\/en\/tjanster\/#breadcrumb"},"inLanguage":"en-GB","potentialAction":[{"@type":"ReadAction","target":["https:\/\/merakarlek.se\/en\/tjanster\/"]}]},{"@type":"BreadcrumbList","@id":"https:\/\/merakarlek.se\/en\/tjanster\/#breadcrumb","itemListElement":[{"@type":"ListItem","position":1,"name":"Hem","item":"http:\/\/merakarlek.se\/en\/"},{"@type":"ListItem","position":2,"name":"TJ\u00c4NSTER"}]},{"@type":"WebSite","@id":"http:\/\/merakarlek.se\/en\/#website","url":"http:\/\/merakarlek.se\/en\/","name":"Mera K\u00e4rlek AB","description":"Vi hj\u00e4lper m\u00e4nniskor att v\u00e4xa","potentialAction":[{"@type":"SearchAction","target":{"@type":"EntryPoint","urlTemplate":"http:\/\/merakarlek.se\/en\/?s={search_term_string}"},"query-input":{"@type":"PropertyValueSpecification","valueRequired":true,"valueName":"search_term_string"}}],"inLanguage":"en-GB"}]}},"_links":{"self":[{"href":"https:\/\/merakarlek.se\/en\/wp-json\/wp\/v2\/pages\/18","targetHints":{"allow":["GET"]}}],"collection":[{"href":"https:\/\/merakarlek.se\/en\/wp-json\/wp\/v2\/pages"}],"about":[{"href":"https:\/\/merakarlek.se\/en\/wp-json\/wp\/v2\/types\/page"}],"author":[{"embeddable":true,"href":"https:\/\/merakarlek.se\/en\/wp-json\/wp\/v2\/users\/1"}],"replies":[{"embeddable":true,"href":"https:\/\/merakarlek.se\/en\/wp-json\/wp\/v2\/comments?post=18"}],"version-history":[{"count":148,"href":"https:\/\/merakarlek.se\/en\/wp-json\/wp\/v2\/pages\/18\/revisions"}],"predecessor-version":[{"id":1330,"href":"https:\/\/merakarlek.se\/en\/wp-json\/wp\/v2\/pages\/18\/revisions\/1330"}],"wp:attachment":[{"href":"https:\/\/merakarlek.se\/en\/wp-json\/wp\/v2\/media?parent=18"}],"curies":[{"name":"wp","href":"https:\/\/api.w.org\/{rel}","templated":true}]}}